{"id":1686,"date":"2020-12-07T13:13:31","date_gmt":"2020-12-07T13:13:31","guid":{"rendered":"https:\/\/louisecairn.com\/?page_id=1686"},"modified":"2021-05-17T16:17:57","modified_gmt":"2021-05-17T16:17:57","slug":"terms-and-conditions","status":"publish","type":"page","link":"https:\/\/louisecairn.com\/fr\/terms-and-conditions\/","title":{"rendered":"CONDITIONS GENERALES DE VENTE"},"content":{"rendered":"<div data-elementor-type=\"wp-page\" data-elementor-id=\"1686\" class=\"elementor elementor-1686\">\n\t\t\t\t\t\t<section class=\"elementor-section elementor-top-section elementor-element elementor-element-7210add elementor-section-boxed elementor-section-height-default elementor-section-height-default\" data-id=\"7210add\" data-element_type=\"section\">\n\t\t\t\t\t\t<div class=\"elementor-container elementor-column-gap-default\">\n\t\t\t\t\t<div class=\"elementor-column elementor-col-100 elementor-top-column elementor-element elementor-element-5213a89\" data-id=\"5213a89\" data-element_type=\"column\">\n\t\t\t<div class=\"elementor-widget-wrap elementor-element-populated\">\n\t\t\t\t\t\t<div class=\"elementor-element elementor-element-b388932 elementor-widget elementor-widget-text-editor\" data-id=\"b388932\" data-element_type=\"widget\" data-widget_type=\"text-editor.default\">\n\t\t\t\t<div class=\"elementor-widget-container\">\n\t\t\t\t\t\t\t\t\t<h3><span style=\"color: white;\">L'utilisation de ce site est r\u00e9gi par nos Conditions G\u00e9n\u00e9rales de Vente.<\/span><\/h3>\n<h3><span style=\"color: white;\">\u00a0Prenez quelques instants pour lire nos Conditions G\u00e9n\u00e9rales de vente. Si vous acc\u00e9der et utiliser ce site internet (Le site internet de LouiseCairn.com\/fr) et ces r\u00e8gles associ\u00e9es, leur obligations en l'esp\u00e8ce, et que vous intentez d'\u00eare l\u00e9galement li\u00e9, votre utilisation du site internet LouiseCairn.com\/fr constitue votre accord pour suivre ses r\u00e8gles et d'\u00eatre li\u00e9 \u00e0 ces obligations. Si vous n'\u00eates pas d'accord avec ces Conditions G\u00e9n\u00e9rales de vente, n'utilisez pas le site internet louiseCairn.com\/fr.<\/span><\/h3>\n<h3><span style=\"color: white;\">RESILIATION<\/span><\/h3>\n<h3><span style=\"color: white;\">Ces Conditions G\u00e9n\u00e9rales de Vente sont effectives jusqu'\u00e0 ce que Louise Cairn d\u00e9cide d'y mettre fin. Louise Cairn peut r\u00e9silier ses Conditions G\u00e9n\u00e9rales de Vente sans pr\u00e9avis et \u00e0 tout moment. En cas de r\u00e9siliation, vous n'\u00eates plus autoris\u00e9 \u00e0 acc\u00e9der au site internet de LouiseCairn.com\/fr, et les restrictions qui vous sont impos\u00e9es concernant son contenu.<\/span><\/h3>\n<h3><span style=\"color: white;\">Louise Cairn a \u00e9galement le droit, sans pr\u00e9avis et \u00e0 tout moment, de mettre fin au site internet LouiseCairn.com\/fr, ou \u00e0 n'importe quelle partie de celui-ci,\u00e0 tout produit et\/ou service offert par le site internet LouiseCairn.com\/fr, ou de mettre fin aux droits d'une personne d'acc\u00e9der ou d'utiliser le site internet LouiseCairn.com\/fr, ou \u00e0 n'importe quelle partie de celui-ci.<\/span><\/h3>\n<h3><span style=\"color: white;\">TOUT DROITS RESERVES<\/span><\/h3>\n<h3><span style=\"color: white;\">Tout le contenu que vous voyez ou entendez sur le site de LouiseCairn.com\/fr, y compris, par exemple, tous les en-t\u00eates de page, images, illustrations, graphiques, clips audio, clips vid\u00e9o et texte sont soumis \u00e0 la marque d\u00e9pos\u00e9e, marque de service, droits d\u2019auteur et\/ou d\u2019autres droits ou licences de propri\u00e9t\u00e9 intellectuelle d\u00e9tenus par Louise Cairn, l\u2019une de ses soci\u00e9t\u00e9s affili\u00e9es ou par des tiers qui ont donn\u00e9s l'autorisation d'utilisation de mat\u00e9riel \u00e0 Louise Cairn. Tout le contenu du site internet de LouiseCairn.com\/fr est prot\u00e9g\u00e9 par le droit d\u2019auteur en tant qu\u2019\u0153uvre collective en vertu des lois sur les droits d\u2019auteur, et Louise Cairn d\u00e9tient un droit d\u2019auteur dans la s\u00e9lection, la coordination, l\u2019arrangement et l\u2019am\u00e9lioration de son contenu. Louise Cairn a effectu\u00e9 des am\u00e9liorations sp\u00e9cifiques et \u00e0 proc\u00e9der \u00e0 l'utilisation d\u2019autres techniques et de processus qualitatifs pour faire en sorte que les images, leur dimension, leur taille et leur qualit\u00e9 soient appropri\u00e9es. Aucune partie, segment ou pi\u00e8ce d\u2019une image ou d\u2019une donn\u00e9e photographique, aussi petite soit-elle, ne peut \u00eatre utilis\u00e9e ou fusionn\u00e9e en relation avec d\u2019autres images ou \u0153uvres d\u2019art afin de cr\u00e9er une nouvelle image.<\/span><\/h3>\n<h3><span style=\"color: white;\">Le contenu du site internet LouiseCairn.com\/fr et le site dans son ensemble, sont destin\u00e9s uniquement \u00e0 un usage personnel et non commercial par les utilisateurs de notre site. Vous pouvez t\u00e9l\u00e9charger, imprimer et stocker certaines parties du contenu, \u00e0 condition que (1) aucune restriction sp\u00e9cifique ne soit affich\u00e9e, (2) vous n\u2019utilisez ces copies du contenu que pour votre propre usage personnel et non commercial, (3) ne copiez ni ne publiez le contenu sur un ordinateur r\u00e9seau ou ne diffusez le contenu dans aucun m\u00e9dia, et (4) ne modifiez ou ne modifiez en aucune fa\u00e7on le contenu, ni ne supprimez ou ne modifiez aucun avis de droit d\u2019auteur ou de marque.<\/span><\/h3>\n<h3><span style=\"color: white;\">Aucun droit, titre ou int\u00e9r\u00eat pour les documents t\u00e9l\u00e9charg\u00e9s ne vous est transf\u00e9r\u00e9 \u00e0 la suite d\u2019un tel t\u00e9l\u00e9chargement. Louise Cairn r\u00e9serve le droit complet et les droits de propri\u00e9t\u00e9 intellectuelle complets dans tout contenu que vous t\u00e9l\u00e9chargez \u00e0 partir de ce site internet. Vous ne pouvez pas copier, t\u00e9l\u00e9charger, reproduire, modifier, publier, distribuer, transmettre, transf\u00e9rer ou cr\u00e9er des \u0153uvres d\u00e9riv\u00e9es \u00e0 partir du contenu sans obtenir d\u2019abord l\u2019autorisation \u00e9crite de Louise Cairn.<\/span><\/h3>\n<h3><span style=\"color: white;\">L\u2019utilisateur doit indemniser et maintenir Louise Cairn et contre toutes les actions, proc\u00e9dures, r\u00e9clamations, demandes, frais (y compris les frais juridiques ou les d\u00e9penses d\u00fbment engag\u00e9s et les frais d\u2019indemnisation et d\u00e9caissements pay\u00e9s par l\u2019utilisateur sur l\u2019avis de leurs conseillers juridiques pour compromettre ou r\u00e9gler toute r\u00e9clamation), indemnit\u00e9s et dommages-int\u00e9r\u00eats d\u00e9coulant directement ou indirectement de toute violation par l\u2019utilisateur de l\u2019une ou l\u2019autre des entreprises de l\u2019utilisateur , garanties ou obligations dans les conditions susmentionn\u00e9es.<\/span><\/h3>\n<h3><span style=\"color: white;\">PRIX, COMMANDES ET CORRECTION DES ERREURS<\/span><\/h3>\n<h3><span style=\"color: white;\">Les prix affich\u00e9s sur LouiseCairn.com\/fr site internet peuvent \u00eatre cot\u00e9s dans une gamme diff\u00e9rente de devises. Louise Cairn peut limiter la livraison aux adresses dans certaines zones g\u00e9ographiques, comme sp\u00e9cifi\u00e9 de temps \u00e0 autre. Louise Cairn ajoutera les frais d\u2019exp\u00e9dition et de pr\u00e9paration de commande ainsi que la taxe de vente\/utilisation applicable (les taxes de vente\/utilisation applicables en se r\u00e9f\u00e8rant aux taxes de vente et \u00e0 la TVA per\u00e7ues au sein de l\u2019UE et ne se r\u00e9f\u00e8rant pas \u00e0 la perception des taxes douani\u00e8res\/douani\u00e8res nationales qui peuvent \u00eatre pr\u00e9lev\u00e9es en dehors de l\u2019UE). Louise Cairn ajoutera des frais d\u2019exp\u00e9dition et de pr\u00e9paration de commande. Louise Cairn se r\u00e9serve le droit, sans pr\u00e9avis, d\u2019interrompre ou de modifier les sp\u00e9cifications et les prix des produits et services offerts sur le site internet de LouiseCairn.com\/fr sans en incomber \u00e0 l'utilisateur. Les produits affich\u00e9s sur ce site internet sont disponibles tant qu'il y a des stocks sur les produits. Les descriptions ou r\u00e9f\u00e9rences \u00e0 des produits ou services sur le site internet LouiseCairn.com\/fr n\u2019impliquent pas la promotion de ce produit ou service, ni ne constituent une garantie par Louise Cairn.<\/span><\/h3>\n<h3><span style=\"color: white;\">La r\u00e9ception par vous d\u2019une confirmation de commande ne constitue pas l\u2019acceptation par Louise Cairn d\u2019une commande. Avant l'acceptation de la commande par Louise Cairn, une v\u00e9rification de l\u2019information peut \u00eatre demand\u00e9. Louise Cairn se r\u00e9serve le droit, \u00e0 tout moment apr\u00e8s r\u00e9ception de votre commande, d\u2019accepter ou de refuser votre commande, ou une partie de celle-ci, m\u00eame apr\u00e8s avoir re\u00e7u une confirmation de commande de Louise Cairn, pour quelque raison que ce soit. Louise Cairn se r\u00e9serve le droit de limiter la quantit\u00e9 de commande sur n\u2019importe quel article et de refuser le service \u00e0 tout client sans notification pr\u00e9alable.<\/span><\/h3>\n<h3><span style=\"color: white;\">Selon votre emplacement et selon votre fournisseur de carte, certains \u00e9metteurs de cartes peuvent facturer des frais suppl\u00e9mentaires en tant que frais de service de transaction \u00e0 l\u2019\u00e9tranger \u2013 veuillez noter qu\u2019il s\u2019agit de frais qui sont mis en \u0153uvre et contr\u00f4l\u00e9 par la banque \u00e9mettrice de la carte et qui \u00e9chappe \u00e0 notre contr\u00f4le. Dans certains cas, des frais de transaction transfrontaliers peuvent ou non \u00eatre engag\u00e9s en fonction des conditions appliqu\u00e9es par votre banque \u00e9mettrice de carte et \u00e9chappent \u00e0 notre contr\u00f4le.<\/span><\/h3>\n<h3><span style=\"color: white;\">Dans le cas o\u00f9 un produit ou un service est r\u00e9pertori\u00e9 \u00e0 un prix incorrect en raison d\u2019une erreur typographique, Louise Cairn a le droit de refuser ou d\u2019annuler les commandes pass\u00e9es pour le produit figurant au prix incorrect, que la commande ait \u00e9t\u00e9 confirm\u00e9e ou non et que votre carte de cr\u00e9dit soit d\u00e9bit\u00e9e. Si votre carte de cr\u00e9dit a d\u00e9j\u00e0 \u00e9t\u00e9 d\u00e9bit\u00e9e pour l\u2019achat et que votre commande est annul\u00e9e, Louise Cairn \u00e9mettra rapidement un cr\u00e9dit sur votre compte de carte de cr\u00e9dit au montant du prix incorrect.<\/span><\/h3>\n<h3><span style=\"color: white;\">PROMOTION ET OFFRES<\/span><\/h3>\n<h3><span style=\"color: white;\">Les promotions et les offres sur le site Web de Louise Cairn ne sont pas toujours disponibles sur le site internet LouiseCairn.com\/fr. Les promotions ou offres individuelles ne sont pas disponibles conjointement avec d\u2019autres promotions ou offres individuelles distinctes.<\/span><\/h3>\n<h3><span style=\"color: white;\">RECLAMATION<\/span><\/h3>\n<h3><span style=\"color: white;\">Les r\u00e9clamations doivent \u00eatre faites dans les 30 jours suivant la commande. Les r\u00e9clamations qui ne sont pas port\u00e9es dans les 30 jours suivant la commande sont exclues et aucune responsabilit\u00e9 ne peut \u00eatre engag\u00e9e \u00e0 l\u2019\u00e9gard de cette r\u00e9clamation.<\/span><\/h3>\n<h3><span style=\"color: white;\">LIMITATION DE RESPONSABILITE<\/span><\/h3>\n<h3><span style=\"color: white;\">Les utilisateurs de ce site internet conviennent express\u00e9ment que l\u2019utilisation du site internet LouiseCairn.com\/fr est au seul risque de l\u2019utilisateur. Ni Louise Cairn , ni ses affili\u00e9s, ni aucun de leurs dirigeants, administrateurs ou employ\u00e9s, agents, fournisseurs de contenu tiers, commer\u00e7ants, commanditaires, conc\u00e9dants de licence (collectivement, \u00ab fournisseurs \u00bb), ou autres, ne justifient que le site internet de LouiseCairn.com\/fr soit ininterrompu ou exempt d\u2019erreurs; ils ne font pas non plus de garantie quant aux r\u00e9sultats qui peuvent \u00eatre obtenus \u00e0 partir de l\u2019utilisation du site internet LouiseCairn.com\/fr.<\/span><\/h3>\n<h3><span style=\"color: white;\">Bien que tous les efforts aient \u00e9t\u00e9 d\u00e9ploy\u00e9s pour s\u2019assurer de l\u2019exactitude des renseignements et des documents contenus sur le site internet de LouiseCairn.com\/fr, Louise Cairn, ses administrateurs, employ\u00e9s ou agents n\u2019assument aucune responsabilit\u00e9 et ne donnent aucune garantie, engagement ou garantie quant \u00e0 l\u2019exactitude, \u00e0 l\u2019exhaustivit\u00e9 ou \u00e0 la nature \u00e0 jour des renseignements fournis sur le site internet ou le service du site internet de LouiseCairn.com\/fr, ni aux marchandises fournies par le site internet de LouiseCairn.com\/fr et n\u2019acceptent aucune responsabilit\u00e9 d\u00e9coulant d\u2019erreurs ou d\u2019omissions.<\/span><\/h3>\n<h3><span style=\"color: white;\">Ce site est fourni par Louise Cairn sur une base \u00ab telle qu\u2019elle est \u00bb et \u00ab disponible \u00bb. Louise Cairn ne fait aucune repr\u00e9sentation ou garantie d\u2019aucune sorte, express ou implicite, quant \u00e0 l\u2019exploitation du site, \u00e0 l\u2019information, au contenu, aux mat\u00e9riaux ou aux produits inclus sur ce site. Dans toute la mesure permise par la loi applicable, Louise Cairn d\u00e9cline toutes les garanties, expresses ou implicites. Louise Cairn ne sera pas responsable de dommages-int\u00e9r\u00eats d\u2019aucune sorte d\u00e9coulant de l\u2019utilisation de ce site, y compris, sans s\u2019y limiter, des dommages-int\u00e9r\u00eats directs, indirects. Aucun conseil oral ou information \u00e9crite donn\u00e9 par Louise Cairn ni ses affili\u00e9s, ni aucun de leurs dirigeants, administrateurs, employ\u00e9s, agents, fournisseurs, ou autres, ne doit cr\u00e9er une garantie; l\u2019utilisateur ne doit pas non plus se fier \u00e0 ces informations ou conseils.<\/span><\/h3>\n<h3><span style=\"color: white;\">En aucun cas Louise Cairn , ses fournisseurs ou leurs administrateurs, dirigeants, employ\u00e9s ou agents respectifs ou toute autre partie impliqu\u00e9e dans la cr\u00e9ation, la production ou la distribution du site internet LouiseCairn.com\/fr ne seront responsables de tout dommage direct, indirect, accessoire, sp\u00e9cial ou cons\u00e9quent qui r\u00e9sulterait de l\u2019utilisation ou de l\u2019incapacit\u00e9 d\u2019utiliser le site internet LouiseCairn.com\/fr, y compris, sans s\u2019y limiter, \u00e0 la d\u00e9pendance d\u2019un utilisateur \u00e0 l\u2019\u00e9gard de toute information obtenue \u00e0 partir du site internet LouiseCairn.com\/fr ou qui r\u00e9sulte d\u2019erreurs , omissions, interruptions, suppression de fichiers ou de courriels, erreurs, d\u00e9fauts, virus, retards d\u2019exploitation ou de transmission, ou tout manquement \u00e0 l\u2019ex\u00e9cution, d\u2019une d\u00e9faillance des communications, d\u2019un vol, d\u2019une destruction ou d\u2019un acc\u00e8s non autoris\u00e9 aux dossiers, programmes ou services de Louise Cairn, que les dommages-int\u00e9r\u00eats soient fond\u00e9s ou non sur la loi, le contrat, le d\u00e9lit ou toute autre cause juridique, et si Louise Cairn est inform\u00e9e ou non de la possibilit\u00e9 de telles responsabilit\u00e9s. Les utilisateurs du site internet LouiseCairn.com\/fr par la pr\u00e9sente reconnaissent que ce paragraphe s\u2019applique \u00e0 tous les contenus, marchandises et services disponibles par l\u2019interm\u00e9diaire du site internet LouiseCairn.com\/fr. \u00c9tant donn\u00e9 que certains pays et \u00c9tats ne permettent pas l\u2019exclusion ou la limitation de la responsabilit\u00e9 pour les dommages-int\u00e9r\u00eats cons\u00e9quents ou accessoires, dans ces pays et \u00e9tats, la responsabilit\u00e9 est limit\u00e9e dans toute la mesure permise par la loi.<\/span><\/h3>\n<h3><span style=\"color: white;\">SOUMISSIONS<\/span><\/h3>\n<h3><span style=\"color: white;\">Nous vous remercions pour vos commentaires concernant le site internet de LouiseCairn.com\/fr. Toutefois, tout commentaire, r\u00e9troaction, note, message, id\u00e9es, suggestions ou autres communications (collectivement, \u00ab Commentaires \u00bb) envoy\u00e9s au site internet de LouiseCairn.com\/fr doit \u00eatre et demeurer la propri\u00e9t\u00e9 exclusive de Louise Cairn. La communication de tous ces commentaires constituera une cession \u00e0 Louise Cairn de tous les droits, titres et int\u00e9r\u00eats dans tous les droits d\u2019auteur et autres droits de propri\u00e9t\u00e9 intellectuelle \u00e0 Louise Cairn. Louise Cairn aura le droit d\u2019utiliser, de reproduire, de divulguer, de publier et de distribuer tout mat\u00e9riel que vous soumettez \u00e0 quelque fin que ce soit, sans restriction et sans vous indemniser d\u2019aucune fa\u00e7on. Pour cette raison, nous vous demandons de ne pas nous envoyer de commentaires que vous ne souhaitez pas nous attribuer, y compris des informations confidentielles ou tout mat\u00e9riel cr\u00e9atif original comme des histoires, des id\u00e9es de produits, du code informatique ou des \u0153uvres d\u2019art originales.<\/span><\/h3>\n<h3><span style=\"color: white;\">Messages-Cadeaux<\/span><\/h3>\n<h3><span style=\"color: white;\">LouiseCairn.com\/fr offre un service de messages-cadeaux. Nous vous demandons de ne pas utiliser un langage obsc\u00e8ne, profane ou mena\u00e7ant dans un message cadeau. Nous pouvons, mais ne sommes pas oblig\u00e9s de, restreindre ou supprimer tout contenu d\u2019un message-cadeau que nous d\u00e9terminons \u00e0 notre seul pouvoir discr\u00e9tionnaire qui violerait ces lignes directrices ou qui est autrement pr\u00e9judiciable \u00e0 nous ou \u00e0 tout tiers. Voici quelques exemples des types de comportement ou de contenu qui sont interdits dans LouiseCairn.com\/fr messages-cadeaux :<\/span><\/h3>\n<h3><span style=\"color: white;\">La transmission de tout contenu qui pourrait violer ou faciliter la violation de toute loi, r\u00e9glementation ou r\u00e8gle ou politique applicable \u00e0 Louise Cairn. La transmission de tout contenu profane, diffamatoire, obsc\u00e8ne, pornographique, ind\u00e9cent, obsc\u00e8ne, harcelant, mena\u00e7ant, pr\u00e9judiciable, envahissant les droits \u00e0 la vie priv\u00e9e ou \u00e0 la publicit\u00e9, abusif, incendiaire ou autrement r\u00e9pr\u00e9hensible. L\u2019usurpation d\u2019identit\u00e9 d\u2019une personne ou d\u2019une entit\u00e9 dans n\u2019importe quelle partie d\u2019un message-cadeau. Des couleurs que nous avons fait de notre mieux pour afficher le plus fid\u00e8lement possible les couleurs des produits pr\u00e9sent\u00e9s sur le site internet LouiseCairn.com\/fr. Toutefois, \u00e9tant donn\u00e9 que les couleurs que vous voyez d\u00e9pendront de votre moniteur, nous ne pouvons garantir que l\u2019affichage exact de la couleur.<\/span><\/h3>\n<h3><span style=\"color: white;\">INDEMNISATION<\/span><\/h3>\n<h3><span style=\"color: white;\">Vous acceptez de d\u00e9fendre, d\u2019indemniser et de d\u00e9tenir Louise Cairn, les vendeurs de Louise Cairn, leurs soci\u00e9t\u00e9s affili\u00e9es et entit\u00e9s apparent\u00e9es ainsi que leurs administrateurs, dirigeants, employ\u00e9s et agents respectifs contre toutes les r\u00e9clamations, pertes, dommages, passifs et co\u00fbts (y compris, sans s\u2019y limiter, les honoraires raisonnables des avocats et les frais judiciaires), d\u00e9coulant ou li\u00e9s \u00e0 votre violation de ces Conditions G\u00e9n\u00e9rales de Vente ou \u00e0 votre acc\u00e8s ou utilisation du site internet de LouiseCairn.com\/fr. L\u2019obligation d\u2019indemnisation ci-apr\u00e8s doit survivre \u00e0 la r\u00e9siliation de ces conditions et du site internet de LouiseCairn.com\/fr ainsi qu\u2019\u00e0 tout produit ou service qui vous est fourni \u00e0 la suite de votre utilisation du site internet de LouiseCairn.com\/fr .<\/span><\/h3>\n<h3><span style=\"color: white;\">REGLES SUR LES COOKIES<\/span><\/h3>\n<h3><span style=\"color: white;\">Le site internet de LouiseCairn respecte la vie priv\u00e9e de tous les visiteurs de notre site internet. Ces r\u00e8gles sur les cookies d\u00e9crit notre politique concernant l\u2019utilisation des cookies sur notre site internet. Nous pouvons mettre \u00e0 jour nos r\u00e8gles sur les cookies afin de tenir compte de tout changement apport\u00e9 \u00e0 la l\u00e9gislation sur la technologie ou la protection des donn\u00e9es. Toutes les mises \u00e0 jour ou modifications qui peuvent affecter la fa\u00e7on dont nous utilisons les cookies ou la fa\u00e7on dont vous en tant qu\u2019utilisateur pouvez g\u00e9rer les cookies appara\u00eetront sur la page d\u00e9di\u00e9e.<\/span><\/h3>\n<h3><span style=\"color: white;\">Vous pouvez refuser l\u2019utilisation de cookies en s\u00e9lectionnant les param\u00e8tres appropri\u00e9s sur votre navigateur, mais dans ce cas nous vous informons que vous ne pourrez pas \u00eatre en mesure d\u2019utiliser toutes les fonctionnalit\u00e9s de ce site internet.<\/span><\/h3>\n<h3><span style=\"color: white;\">DIVERS<\/span><\/h3>\n<h3><span style=\"color: white;\">Louise Cairn n\u2019est pas responsable de toute non-ex\u00e9cution ou retard dans l\u2019ex\u00e9cution caus\u00e9 par un acte hors de son contr\u00f4le raisonnable, y compris, sans s\u2019y limiter, les actes ou omissions de tiers, l\u2019indisponibilit\u00e9 des fournitures, la d\u00e9faillance de l\u2019\u00e9quipement, la guerre, les gr\u00e8ves, les quarantaines, le feu, les inondations ou tout autre acte de Dieu, toute loi, r\u00e8glement, ordonnance, ou tout autre acte ou ordre d\u2019un tribunal, d\u2019un gouvernement , ou une agence gouvernementale, ou des retards, des erreurs ou d\u2019autres d\u00e9faillances de l\u2019Internet ou d\u2019autres r\u00e9seaux de donn\u00e9es.<\/span><\/h3>\n<h3><span style=\"color: white;\">GENERALITES<\/span><\/h3>\n<h3 style=\"margin: 0cm 0cm 7.5pt 0cm;\"><span style=\"color: white;\">Tout diff\u00e9rend, r\u00e9clamation ou proc\u00e9dure d\u00e9coulant ou de quelque mani\u00e8re que ce soit concernant le site internet de LouiseCairn.com\/fr doit \u00eatre r\u00e9gi par les lois fran\u00e7aises. Sans pr\u00e9judice de ce qui pr\u00e9c\u00e8de, Louise Cairn peut demander une r\u00e9paration provisoire ou protectrice devant les tribunaux d\u2019un autre \u00c9tat avant, pendant ou apr\u00e8s toute proc\u00e9dure de fond devant la Court fran\u00e7aise et Louise Cairn peut entra\u00eener des proc\u00e9dures d\u2019ex\u00e9cution dans un autre \u00c9tat \u00e0 la suite d\u2019un jugement fran\u00e7ais. Si une disposition de cet accord est jug\u00e9e invalide par un tribunal ayant comp\u00e9tence, l\u2019invalidit\u00e9 de cette disposition n\u2019affectera pas la validit\u00e9 des dispositions restantes de cet Accord, qui resteront en vigueur. Aucune renonciation \u00e0 une dur\u00e9e quelconque de cet accord ne peut \u00eatre consid\u00e9r\u00e9e comme une renonciation suppl\u00e9mentaire ou continue \u00e0 cette dur\u00e9e ou \u00e0 tout autre terme.<\/span><\/h3>\t\t\t\t\t\t\t\t<\/div>\n\t\t\t\t<\/div>\n\t\t\t\t\t<\/div>\n\t\t<\/div>\n\t\t\t\t\t<\/div>\n\t\t<\/section>\n\t\t\t\t<\/div>","protected":false},"excerpt":{"rendered":"<p>Your Use of This website is Governed by these Terms and Conditions. \u00a0Please take a few minutes to review these Terms and Conditions. In consideration of your use of and access to this Internet site (the &#8220;louisecairn.com website&#8221;), and the promises and obligations herein, and intending to be legally bound, your use of the louisecairn.com [&hellip;]<\/p>","protected":false},"author":1,"featured_media":0,"parent":0,"menu_order":0,"comment_status":"closed","ping_status":"closed","template":"","meta":{"ocean_post_layout":"","ocean_both_sidebars_style":"","ocean_both_sidebars_content_width":0,"ocean_both_sidebars_sidebars_width":0,"ocean_sidebar":"0","ocean_second_sidebar":"0","ocean_disable_margins":"enable","ocean_add_body_class":"","ocean_shortcode_before_top_bar":"","ocean_shortcode_after_top_bar":"","ocean_shortcode_before_header":"","ocean_shortcode_after_header":"","ocean_has_shortcode":"","ocean_shortcode_after_title":"","ocean_shortcode_before_footer_widgets":"","ocean_shortcode_after_footer_widgets":"","ocean_shortcode_before_footer_bottom":"","ocean_shortcode_after_footer_bottom":"","ocean_display_top_bar":"default","ocean_display_header":"default","ocean_header_style":"","ocean_center_header_left_menu":"0","ocean_custom_header_template":"0","ocean_custom_logo":0,"ocean_custom_retina_logo":0,"ocean_custom_logo_max_width":0,"ocean_custom_logo_tablet_max_width":0,"ocean_custom_logo_mobile_max_width":0,"ocean_custom_logo_max_height":0,"ocean_custom_logo_tablet_max_height":0,"ocean_custom_logo_mobile_max_height":0,"ocean_header_custom_menu":"0","ocean_menu_typo_font_family":"0","ocean_menu_typo_font_subset":"","ocean_menu_typo_font_size":0,"ocean_menu_typo_font_size_tablet":0,"ocean_menu_typo_font_size_mobile":0,"ocean_menu_typo_font_size_unit":"px","ocean_menu_typo_font_weight":"","ocean_menu_typo_font_weight_tablet":"","ocean_menu_typo_font_weight_mobile":"","ocean_menu_typo_transform":"","ocean_menu_typo_transform_tablet":"","ocean_menu_typo_transform_mobile":"","ocean_menu_typo_line_height":0,"ocean_menu_typo_line_height_tablet":0,"ocean_menu_typo_line_height_mobile":0,"ocean_menu_typo_line_height_unit":"","ocean_menu_typo_spacing":0,"ocean_menu_typo_spacing_tablet":0,"ocean_menu_typo_spacing_mobile":0,"ocean_menu_typo_spacing_unit":"","ocean_menu_link_color":"","ocean_menu_link_color_hover":"","ocean_menu_link_color_active":"","ocean_menu_link_background":"","ocean_menu_link_hover_background":"","ocean_menu_link_active_background":"","ocean_menu_social_links_bg":"","ocean_menu_social_hover_links_bg":"","ocean_menu_social_links_color":"","ocean_menu_social_hover_links_color":"","ocean_disable_title":"default","ocean_disable_heading":"default","ocean_post_title":"","ocean_post_subheading":"","ocean_post_title_style":"","ocean_post_title_background_color":"","ocean_post_title_background":0,"ocean_post_title_bg_image_position":"","ocean_post_title_bg_image_attachment":"","ocean_post_title_bg_image_repeat":"","ocean_post_title_bg_image_size":"","ocean_post_title_height":0,"ocean_post_title_bg_overlay":0.5,"ocean_post_title_bg_overlay_color":"","ocean_disable_breadcrumbs":"default","ocean_breadcrumbs_color":"","ocean_breadcrumbs_separator_color":"","ocean_breadcrumbs_links_color":"","ocean_breadcrumbs_links_hover_color":"","ocean_display_footer_widgets":"default","ocean_display_footer_bottom":"default","ocean_custom_footer_template":"0","footnotes":""},"class_list":["post-1686","page","type-page","status-publish","hentry","entry","owp-thumbs-layout-horizontal","owp-btn-normal","owp-tabs-layout-horizontal","has-no-thumbnails","has-product-nav"],"_links":{"self":[{"href":"https:\/\/louisecairn.com\/fr\/wp-json\/wp\/v2\/pages\/1686","targetHints":{"allow":["GET"]}}],"collection":[{"href":"https:\/\/louisecairn.com\/fr\/wp-json\/wp\/v2\/pages"}],"about":[{"href":"https:\/\/louisecairn.com\/fr\/wp-json\/wp\/v2\/types\/page"}],"author":[{"embeddable":true,"href":"https:\/\/louisecairn.com\/fr\/wp-json\/wp\/v2\/users\/1"}],"replies":[{"embeddable":true,"href":"https:\/\/louisecairn.com\/fr\/wp-json\/wp\/v2\/comments?post=1686"}],"version-history":[{"count":0,"href":"https:\/\/louisecairn.com\/fr\/wp-json\/wp\/v2\/pages\/1686\/revisions"}],"wp:attachment":[{"href":"https:\/\/louisecairn.com\/fr\/wp-json\/wp\/v2\/media?parent=1686"}],"curies":[{"name":"wp","href":"https:\/\/api.w.org\/{rel}","templated":true}]}}